{"id":121,"date":"2021-09-25T20:00:45","date_gmt":"2021-09-25T18:00:45","guid":{"rendered":"http:\/\/zahnarzt-doettingen.ch\/?page_id=121"},"modified":"2024-09-12T14:37:18","modified_gmt":"2024-09-12T12:37:18","slug":"leistungen-2","status":"publish","type":"page","link":"https:\/\/zahnarztpraxis-bigge.ch\/?page_id=121","title":{"rendered":"Finanzielles"},"content":{"rendered":"\n<p>Unser Taxpunktwert:<\/p>\n\n\n\n<p>  Erwachsene: &nbsp; &nbsp; &nbsp; &nbsp;1.10<\/p>\n\n\n\n<p>Kinder: \u00a0 \u00a0 \u00a0 \u00a0 \u00a0 \u00a0 \u00a0    1.05<\/p>\n\n\n\n<p>Sozialtarif:            1.0<\/p>\n\n\n\n<p> Versicherungsleistung:   3.1  nach \u201cTarif 94\u201d<\/p>\n\n\n\n<p><\/p>\n\n\n\n<p><\/p>\n\n\n\n<p>Als Mitglied der SSO ist der Tarif der SSO f\u00fcr uns verbindlich. Den Dentotar-Tarif kann man unter&nbsp;<a href=\"https:\/\/www.sso.ch\/de\/tarif\">SSO-Tarif<\/a>&nbsp;einsehen. Die Kosten f\u00fcr die Behandlung k\u00f6nnen berechnet werden, indem die Leistung (Position) aus dem SSO-Tarif mit dem Taxpunktwert multipliziert wird.<\/p>\n\n\n\n<p>Gerne bieten wir Ihnen die Prophylaxe- und Dentalhygienebehandlung zum Sozialtarif 1.00 an.<\/p>\n\n\n\n<p> &nbsp; &nbsp;<\/p>\n\n\n\n<p>&nbsp; &nbsp; &nbsp; &nbsp; &nbsp; &nbsp; &nbsp; &nbsp; &nbsp; &nbsp; &nbsp; &nbsp; &nbsp; &nbsp; &nbsp; &nbsp; &nbsp; &nbsp; &nbsp; &nbsp; &nbsp; &nbsp; &nbsp; &nbsp; <\/p>\n","protected":false},"excerpt":{"rendered":"<p>Unser Taxpunktwert: Erwachsene: &nbsp; &nbsp; &nbsp; &nbsp;1.10 Kinder: \u00a0 \u00a0 \u00a0 \u00a0 \u00a0 \u00a0 \u00a0 1.05 Sozialtarif: 1.0 Versicherungsleistung: 3.1 nach \u201cTarif 94\u201d Als Mitglied der SSO ist der Tarif der SSO f\u00fcr uns verbindlich. Den Dentotar-Tarif kann man unter&nbsp;SSO-Tarif&nbsp;einsehen. Die Kosten f\u00fcr die Behandlung k\u00f6nnen berechnet werden, indem die Leistung (Position) aus dem SSO-Tarif [&hellip;]<\/p>\n","protected":false},"author":1,"featured_media":0,"parent":0,"menu_order":0,"comment_status":"closed","ping_status":"closed","template":"","meta":{"footnotes":""},"class_list":["post-121","page","type-page","status-publish","hentry"],"_links":{"self":[{"href":"https:\/\/zahnarztpraxis-bigge.ch\/index.php?rest_route=\/wp\/v2\/pages\/121","targetHints":{"allow":["GET"]}}],"collection":[{"href":"https:\/\/zahnarztpraxis-bigge.ch\/index.php?rest_route=\/wp\/v2\/pages"}],"about":[{"href":"https:\/\/zahnarztpraxis-bigge.ch\/index.php?rest_route=\/wp\/v2\/types\/page"}],"author":[{"embeddable":true,"href":"https:\/\/zahnarztpraxis-bigge.ch\/index.php?rest_route=\/wp\/v2\/users\/1"}],"replies":[{"embeddable":true,"href":"https:\/\/zahnarztpraxis-bigge.ch\/index.php?rest_route=%2Fwp%2Fv2%2Fcomments&post=121"}],"version-history":[{"count":11,"href":"https:\/\/zahnarztpraxis-bigge.ch\/index.php?rest_route=\/wp\/v2\/pages\/121\/revisions"}],"predecessor-version":[{"id":273,"href":"https:\/\/zahnarztpraxis-bigge.ch\/index.php?rest_route=\/wp\/v2\/pages\/121\/revisions\/273"}],"wp:attachment":[{"href":"https:\/\/zahnarztpraxis-bigge.ch\/index.php?rest_route=%2Fwp%2Fv2%2Fmedia&parent=121"}],"curies":[{"name":"wp","href":"https:\/\/api.w.org\/{rel}","templated":true}]}}