{"id":125,"date":"2021-09-25T20:04:04","date_gmt":"2021-09-25T18:04:04","guid":{"rendered":"http:\/\/zahnarzt-doettingen.ch\/?page_id=125"},"modified":"2021-10-26T10:55:00","modified_gmt":"2021-10-26T08:55:00","slug":"cerec-connect","status":"publish","type":"page","link":"https:\/\/zahnarztpraxis-bigge.ch\/?page_id=125","title":{"rendered":"Cerec- Digitale Zahnmedizin"},"content":{"rendered":"\n<p>Seit 2017 k\u00f6nnen wir Ihnen die digitale Herstellung von Kronen und Inlays \/ Onlays mit der digitales Abdrucknahme anbieten. Hierdurch kann auf die klassische Abformung mit Abformmassen, die eine bestimme Zeit im Mund verweilen m\u00fcssen, verzichtet werden.<\/p>\n\n\n\n<p>Durch die optimale Zusammenarbeit mit dem Dentallabor Colombo k\u00f6nnen bei uns&nbsp;\u201eim Haus&#187; die Kronen und Inlays in kurzer Zeit hergestellt und dennoch, je nach&nbsp;Erfordernis, individuell angepasst werden. Zus\u00e4tzlich k\u00f6nnen auf diese Weise auch Br\u00fccken und Zahnersatz digitalisiert hergestellt werden und diese neuen Therapieoptionen f\u00fcr Sie bereitgestellt werden. Selbst die Herstellung von&nbsp;\u201eklassischen Modellen\u201c aus diesen Daten kann bei uns durch ein Druckverfahren erledigt werden, falls besondere Situationen dies erfordern.<\/p>\n\n\n\n<p>Durch die digitale Abformung kann eine konkrete Abnutzung der Z\u00e4hne durch Bruxismus (Z\u00e4hne Pressen oder Reiben) nachvollzogen werden und somit ein klarer Therapieentscheid \u00fcber die Notwendigkeit einer fr\u00fchzeitigen Schutzmassnahme getroffen werden.<\/p>\n\n\n\n<p>Je nach Indikation k\u00f6nnen auch sogenannte&nbsp;Algier (Schienen f\u00fcr einer Zahnstellungskorrektur) durch die digitale Abdrucknahme zeitnah produziert werden und die Therapie optimal kontrolliert werden.<\/p>\n\n\n\n<p>Wir freuen uns, mit Ihnen zusammen den Schritt in die Zukunft&nbsp;zu&nbsp;gehen und Ihnen modernste Zahnmedizin offerieren zu d\u00fcrfen.<\/p>\n\n\n\n<div class=\"wp-block-image\"><figure class=\"aligncenter size-large is-resized\"><img loading=\"lazy\" decoding=\"async\" src=\"http:\/\/zahnarzt-doettingen.ch\/wp-content\/uploads\/2021\/10\/IMG_8171-768x1024.jpg\" alt=\"\" class=\"wp-image-201\" width=\"267\" height=\"356\" srcset=\"https:\/\/zahnarztpraxis-bigge.ch\/wp-content\/uploads\/2021\/10\/IMG_8171-768x1024.jpg 768w, https:\/\/zahnarztpraxis-bigge.ch\/wp-content\/uploads\/2021\/10\/IMG_8171-225x300.jpg 225w, https:\/\/zahnarztpraxis-bigge.ch\/wp-content\/uploads\/2021\/10\/IMG_8171-1152x1536.jpg 1152w, https:\/\/zahnarztpraxis-bigge.ch\/wp-content\/uploads\/2021\/10\/IMG_8171-1536x2048.jpg 1536w, https:\/\/zahnarztpraxis-bigge.ch\/wp-content\/uploads\/2021\/10\/IMG_8171-scaled.jpg 1920w\" sizes=\"auto, (max-width: 267px) 100vw, 267px\" \/><\/figure><\/div>\n","protected":false},"excerpt":{"rendered":"<p>Seit 2017 k\u00f6nnen wir Ihnen die digitale Herstellung von Kronen und Inlays \/ Onlays mit der digitales Abdrucknahme anbieten. Hierdurch kann auf die klassische Abformung mit Abformmassen, die eine bestimme Zeit im Mund verweilen m\u00fcssen, verzichtet werden. Durch die optimale Zusammenarbeit mit dem Dentallabor Colombo k\u00f6nnen bei uns&nbsp;\u201eim Haus&#187; die Kronen und Inlays in kurzer [&hellip;]<\/p>\n","protected":false},"author":1,"featured_media":0,"parent":103,"menu_order":0,"comment_status":"closed","ping_status":"closed","template":"","meta":{"footnotes":""},"class_list":["post-125","page","type-page","status-publish","hentry"],"_links":{"self":[{"href":"https:\/\/zahnarztpraxis-bigge.ch\/index.php?rest_route=\/wp\/v2\/pages\/125","targetHints":{"allow":["GET"]}}],"collection":[{"href":"https:\/\/zahnarztpraxis-bigge.ch\/index.php?rest_route=\/wp\/v2\/pages"}],"about":[{"href":"https:\/\/zahnarztpraxis-bigge.ch\/index.php?rest_route=\/wp\/v2\/types\/page"}],"author":[{"embeddable":true,"href":"https:\/\/zahnarztpraxis-bigge.ch\/index.php?rest_route=\/wp\/v2\/users\/1"}],"replies":[{"embeddable":true,"href":"https:\/\/zahnarztpraxis-bigge.ch\/index.php?rest_route=%2Fwp%2Fv2%2Fcomments&post=125"}],"version-history":[{"count":3,"href":"https:\/\/zahnarztpraxis-bigge.ch\/index.php?rest_route=\/wp\/v2\/pages\/125\/revisions"}],"predecessor-version":[{"id":202,"href":"https:\/\/zahnarztpraxis-bigge.ch\/index.php?rest_route=\/wp\/v2\/pages\/125\/revisions\/202"}],"up":[{"embeddable":true,"href":"https:\/\/zahnarztpraxis-bigge.ch\/index.php?rest_route=\/wp\/v2\/pages\/103"}],"wp:attachment":[{"href":"https:\/\/zahnarztpraxis-bigge.ch\/index.php?rest_route=%2Fwp%2Fv2%2Fmedia&parent=125"}],"curies":[{"name":"wp","href":"https:\/\/api.w.org\/{rel}","templated":true}]}}