{"id":128,"date":"2021-09-25T20:04:27","date_gmt":"2021-09-25T18:04:27","guid":{"rendered":"http:\/\/zahnarzt-doettingen.ch\/?page_id=128"},"modified":"2024-09-12T07:55:13","modified_gmt":"2024-09-12T05:55:13","slug":"kieferorthopaedie","status":"publish","type":"page","link":"https:\/\/zahnarztpraxis-bigge.ch\/?page_id=128","title":{"rendered":"Kieferorthop\u00e4die"},"content":{"rendered":"\n<p>Frau Dr. Leber, Fachzahn\u00e4rztin f\u00fcr Kieferorthop\u00e4die, bietet Ihnen nach Absprache in der Zahnarztpraxis-Bigge in D\u00f6ttingen das\u00a0gesammte Spektrum des Fachgebietes der Kieferorthop\u00e4die anbieten.<\/p>\n\n\n\n<ul class=\"wp-block-list\">\n<li>Feste und lose Spangen f\u00fcr Kinder<\/li>\n\n\n\n<li>Funktionskieferorthop\u00e4die f\u00fcr Kinder zu Steuerung des Wachstums<\/li>\n\n\n\n<li>Feste Spangen f\u00fcr Erwachsene auch mit Keramik Brackets (weniger auff\u00e4llig)<\/li>\n\n\n\n<li>Durchsichtige Schienen (Aligner) f\u00fcr Zahnkorrekturen f\u00fcr jung und alt<\/li>\n\n\n\n<li>Teilb\u00f6gen f\u00fcr kleinere Korrektur<\/li>\n\n\n\n<li>individuelle Therapien f\u00fcr spezielle Anliegen<\/li>\n<\/ul>\n\n\n\n<p>Die\u00a0Kieferorthop\u00e4die befasst sich mit der Optimierung der Zahnstellung bei Kindern und Erwachsenen und der Beeinflussung des Kieferwachstums bei Kindern, um eine optimale Mundgesundheit bis ins hohe Alter zu erm\u00f6glichen.\u00a0<\/p>\n\n\n\n<p>Dies kann, je nach Situation, durch herausnehmbare Spangen, funktionskieferorthop\u00e4dische Ger\u00e4te, Multibandtherapie oder&nbsp;Aligner (fast unsichtbare durchsichtige Schienen) erreicht werden. Gerne beraten wir Sie, welches f\u00fcr Ihr Kind und Sie individuell die optimale Methode ist.&nbsp;<\/p>\n\n\n\n<p>Die Kieferorthop\u00e4die f\u00fcr Kinder hat den grossen Vorteil, dass Wachstumsmuster, die w\u00fcnschenswert sind, gef\u00f6rdert und unerw\u00fcnschte Wachstumsmuster gehemmt werden k\u00f6nnen. Bei optimaler Team- arbeit (Kind &#8211; Eltern &#8211; Kieferorthop\u00e4din) ist eine positive Einflussnahme auf die Entwicklung des Kiefers und eine optimale Mundgesundheit erreichbar.<\/p>\n\n\n\n<p>Die Kieferorthop\u00e4die f\u00fcr Erwachsene erm\u00f6glicht bis ins hohe Alter eine\u00a0Optimierung der Zahnstellung. Sollten sich Ihre Z\u00e4hne verschoben haben oder eine zeitgerechte Therapie in der Jugend konnte nicht stattfinden, so haben Sie auch heute noch die M\u00f6glichkeit, eine korrigierende Therapie durchzuf\u00fchren.\u00a0<\/p>\n\n\n\n<p>Nat\u00fcrlich k\u00f6nnen auch \u00e4sthetische W\u00fcnsche neben den funktionellen, und aus zahnmedizinischer Sicht notwendigen&nbsp;Behandlungen, f\u00fcr Sie gel\u00f6st werden.&nbsp;<\/p>\n\n\n\n<p>Bitte fragen Sie uns, wir beraten Sie gerne.<\/p>\n","protected":false},"excerpt":{"rendered":"<p>Frau Dr. Leber, Fachzahn\u00e4rztin f\u00fcr Kieferorthop\u00e4die, bietet Ihnen nach Absprache in der Zahnarztpraxis-Bigge in D\u00f6ttingen das\u00a0gesammte Spektrum des Fachgebietes der Kieferorthop\u00e4die anbieten. Die\u00a0Kieferorthop\u00e4die befasst sich mit der Optimierung der Zahnstellung bei Kindern und Erwachsenen und der Beeinflussung des Kieferwachstums bei Kindern, um eine optimale Mundgesundheit bis ins hohe Alter zu erm\u00f6glichen.\u00a0 Dies kann, je nach [&hellip;]<\/p>\n","protected":false},"author":1,"featured_media":0,"parent":0,"menu_order":0,"comment_status":"closed","ping_status":"closed","template":"","meta":{"footnotes":""},"class_list":["post-128","page","type-page","status-publish","hentry"],"_links":{"self":[{"href":"https:\/\/zahnarztpraxis-bigge.ch\/index.php?rest_route=\/wp\/v2\/pages\/128","targetHints":{"allow":["GET"]}}],"collection":[{"href":"https:\/\/zahnarztpraxis-bigge.ch\/index.php?rest_route=\/wp\/v2\/pages"}],"about":[{"href":"https:\/\/zahnarztpraxis-bigge.ch\/index.php?rest_route=\/wp\/v2\/types\/page"}],"author":[{"embeddable":true,"href":"https:\/\/zahnarztpraxis-bigge.ch\/index.php?rest_route=\/wp\/v2\/users\/1"}],"replies":[{"embeddable":true,"href":"https:\/\/zahnarztpraxis-bigge.ch\/index.php?rest_route=%2Fwp%2Fv2%2Fcomments&post=128"}],"version-history":[{"count":2,"href":"https:\/\/zahnarztpraxis-bigge.ch\/index.php?rest_route=\/wp\/v2\/pages\/128\/revisions"}],"predecessor-version":[{"id":258,"href":"https:\/\/zahnarztpraxis-bigge.ch\/index.php?rest_route=\/wp\/v2\/pages\/128\/revisions\/258"}],"wp:attachment":[{"href":"https:\/\/zahnarztpraxis-bigge.ch\/index.php?rest_route=%2Fwp%2Fv2%2Fmedia&parent=128"}],"curies":[{"name":"wp","href":"https:\/\/api.w.org\/{rel}","templated":true}]}}