{"id":131,"date":"2021-09-25T20:05:05","date_gmt":"2021-09-25T18:05:05","guid":{"rendered":"http:\/\/zahnarzt-doettingen.ch\/?page_id=131"},"modified":"2021-09-25T20:05:44","modified_gmt":"2021-09-25T18:05:44","slug":"lachgas","status":"publish","type":"page","link":"https:\/\/zahnarztpraxis-bigge.ch\/?page_id=131","title":{"rendered":"Lachgas"},"content":{"rendered":"\n<p><strong>Was ist Lachgas?<\/strong><\/p>\n\n\n\n<p>Lachgas ist ein&nbsp;Stickstoffoxid, ein nichtallergenes, nicht reizendes Gas, welches das zentrale Nervensystem beeinflusst.<\/p>\n\n\n\n<p>Die analgetische (schmerzstillende) und sedierende (beruhigende) Wirkung wurde bereits im 19. Jahrhundert entdeckt und wird heute millionenfach angewandt.<br>Die Zahnmedizin nutzt Lachgas zur Angstreduktion und Entspannung der&nbsp;Patienten.<\/p>\n\n\n\n<p><strong>Wie wirkt Lachgas?<\/strong><\/p>\n\n\n\n<p>\u00dcber eine kleine Nasenmaske wird ein Gemisch aus reinem Sauerstoff und Lachgas verabreicht.&nbsp;Deswegen ist es besonders wichtig, dass Sie die ganze Zeit gleichm\u00e4\u00dfig und tief durch die Nase ein- und ausatmen.&nbsp;Lachgas hilft, bei der Zahnarztbehandlung zu entspannen, und reduziert Angstgef\u00fchle.<\/p>\n\n\n\n<p>Durch die Entspannung gelangt der Patient in eine Art Trance, in der er aber jederzeit&nbsp;voll ansprechbar und Herr seiner Sinne bleibt.&nbsp;Angst und Schmerzempfinden nehmen deutlich ab.<\/p>\n\n\n\n<p>Die Wirkung von Lachgas ist nach der Behandlung innerhalb von 5 &#8211; 10 Minuten komplett aufgehoben, und Sie k\u00f6nnen in der Regel ohne Begleitperson die Praxis wieder verlassen.<\/p>\n\n\n\n<p>Dennoch d\u00fcrfen Sie sich nicht direkt nach der Behandlung an das Steuer eines Kraftfahrzeuges setzen, da durch die Behandlung Ihr Reaktionsverm\u00f6gen reduziert sein k\u00f6nnte.<\/p>\n\n\n\n<p>Was f\u00fchlt man?<\/p>\n\n\n\n<p>Patienten beschreiben das Gef\u00fchl der Stickoxydul Sedierung als<\/p>\n\n\n\n<p>&#8211; Kribbeln in den H\u00e4nden und F\u00fc\u00dfen<br>&#8211; W\u00e4rmegef\u00fchl<br>&#8211; Taubheitsgef\u00fchl der Beine, Zunge und Schleimh\u00e4ute &#8211; Ohrenklingeln<br>&#8211; Gef\u00fchl der Euphorie<br>&#8211; Gef\u00fchl der Leichtigkeit oder Schwere<\/p>\n\n\n\n<p>Nicht jeder genie\u00dft die Behandlung mit Lachgas. Wenn Sie sich unwohl f\u00fchlen, k\u00f6nnen Sie jederzeit durch den Mund atmen, um die Behandlung zu unterbrechen. Bitten Sie dann den Zahnarzt, die Sedierung zu beenden.<\/p>\n\n\n\n<p><strong>Wichtig!<\/strong><\/p>\n\n\n\n<p>&nbsp;* Vor der Behandlung bitte 2 Stunden nicht essen oder trinken.\u2028<br>&nbsp;* Bitte informieren Sie uns \u00fcber jegliche Medikamente, die Sie zur Zeit &nbsp; einnehmen.&nbsp;<\/p>\n\n\n\n<p>&nbsp;* Bitte&nbsp;suchen Sie vor der Behandlung noch einmal das WC auf.<\/p>\n\n\n\n<p>F\u00fcr weitere Fragen stehen wir Ihnen gerne zur Verf\u00fcgung.<\/p>\n","protected":false},"excerpt":{"rendered":"<p>Was ist Lachgas? Lachgas ist ein&nbsp;Stickstoffoxid, ein nichtallergenes, nicht reizendes Gas, welches das zentrale Nervensystem beeinflusst. Die analgetische (schmerzstillende) und sedierende (beruhigende) Wirkung wurde bereits im 19. Jahrhundert entdeckt und wird heute millionenfach angewandt.Die Zahnmedizin nutzt Lachgas zur Angstreduktion und Entspannung der&nbsp;Patienten. Wie wirkt Lachgas? \u00dcber eine kleine Nasenmaske wird ein Gemisch aus reinem Sauerstoff [&hellip;]<\/p>\n","protected":false},"author":1,"featured_media":0,"parent":103,"menu_order":0,"comment_status":"closed","ping_status":"closed","template":"","meta":{"footnotes":""},"class_list":["post-131","page","type-page","status-publish","hentry"],"_links":{"self":[{"href":"https:\/\/zahnarztpraxis-bigge.ch\/index.php?rest_route=\/wp\/v2\/pages\/131","targetHints":{"allow":["GET"]}}],"collection":[{"href":"https:\/\/zahnarztpraxis-bigge.ch\/index.php?rest_route=\/wp\/v2\/pages"}],"about":[{"href":"https:\/\/zahnarztpraxis-bigge.ch\/index.php?rest_route=\/wp\/v2\/types\/page"}],"author":[{"embeddable":true,"href":"https:\/\/zahnarztpraxis-bigge.ch\/index.php?rest_route=\/wp\/v2\/users\/1"}],"replies":[{"embeddable":true,"href":"https:\/\/zahnarztpraxis-bigge.ch\/index.php?rest_route=%2Fwp%2Fv2%2Fcomments&post=131"}],"version-history":[{"count":1,"href":"https:\/\/zahnarztpraxis-bigge.ch\/index.php?rest_route=\/wp\/v2\/pages\/131\/revisions"}],"predecessor-version":[{"id":133,"href":"https:\/\/zahnarztpraxis-bigge.ch\/index.php?rest_route=\/wp\/v2\/pages\/131\/revisions\/133"}],"up":[{"embeddable":true,"href":"https:\/\/zahnarztpraxis-bigge.ch\/index.php?rest_route=\/wp\/v2\/pages\/103"}],"wp:attachment":[{"href":"https:\/\/zahnarztpraxis-bigge.ch\/index.php?rest_route=%2Fwp%2Fv2%2Fmedia&parent=131"}],"curies":[{"name":"wp","href":"https:\/\/api.w.org\/{rel}","templated":true}]}}