{"id":135,"date":"2021-09-25T20:09:18","date_gmt":"2021-09-25T18:09:18","guid":{"rendered":"http:\/\/zahnarzt-doettingen.ch\/?page_id=135"},"modified":"2021-10-26T10:54:30","modified_gmt":"2021-10-26T08:54:30","slug":"laser","status":"publish","type":"page","link":"https:\/\/zahnarztpraxis-bigge.ch\/?page_id=135","title":{"rendered":"Laser"},"content":{"rendered":"\n<p>Seit 2017 k\u00f6nnen wir Ihnen auch Laser zur zahnmedizinischen Behandlung anbieten.<\/p>\n\n\n\n<p>Laser k\u00f6nnen als zus\u00e4tzliches Hilfsmittel oder als Alternative zu herk\u00f6mmlichen Therapien eingesetzt werden.<\/p>\n\n\n\n<p>Unsere Laser und das Einsatzgebiet (nur einige Schwerpunkte):<\/p>\n\n\n\n<p><\/p>\n\n\n\n<p><strong>Er-Yag Laser \u201eLiteTouch\u201c:<\/strong><\/p>\n\n\n\n<p>&#8211; Kontaktlose und angenehme M\u00f6glichkeit F\u00fcllungen ohne klassisches \u201eBohren mit Vibration und bekannter &nbsp; &nbsp;&nbsp;<\/p>\n\n\n\n<p>&nbsp; Ger\u00e4uschkulisse&#187; in metallfreien Bereichen herzustellen.<\/p>\n\n\n\n<p>&#8211; Durch sanftes Abtragen mit Popcorn-Ger\u00e4uschen ideal f\u00fcr Kinderbehandlung.<\/p>\n\n\n\n<p>&#8211; Zur&nbsp;Desinfektion bei Behandlungen unter dem Zahnfleisch bei Erkrankung des Zahnhalteappartes.<\/p>\n\n\n\n<p>&#8211; Zum sanften und schonenden kontaktlosen Einsatz am Knochen.<\/p>\n\n\n\n<p>&#8211; Zur Desinfektion am Implantat.<\/p>\n\n\n\n<p><\/p>\n\n\n\n<p><\/p>\n\n\n\n<p><strong>CO2-Laser (SpectaDenta):<\/strong><\/p>\n\n\n\n<p>&#8211; Zur pr\u00e4zisen Entfernung von Gewebe und Zahnfleisch mit Desinfektion und angenehmer Wundheilung.<\/p>\n\n\n\n<p>&#8211; Zur kontaktlosen Desinfektion und Wundbehandlung incl. Aphthen und Druckstellen.<\/p>\n\n\n\n<p>&#8211;&nbsp;Zum Einsatz am Implantat.<\/p>\n\n\n\n<p>&#8211; Sanfte und schonende Entfernung von st\u00f6renden Lippenb\u00e4ndern mit deutlich schnellerer und&nbsp;verbesserter Heilung.<\/p>\n\n\n\n<div class=\"wp-block-image\"><figure class=\"aligncenter size-large is-resized\"><img loading=\"lazy\" decoding=\"async\" src=\"http:\/\/zahnarzt-doettingen.ch\/wp-content\/uploads\/2021\/10\/IMG_8170-768x1024.jpg\" alt=\"\" class=\"wp-image-197\" width=\"215\" height=\"287\" srcset=\"https:\/\/zahnarztpraxis-bigge.ch\/wp-content\/uploads\/2021\/10\/IMG_8170-768x1024.jpg 768w, https:\/\/zahnarztpraxis-bigge.ch\/wp-content\/uploads\/2021\/10\/IMG_8170-225x300.jpg 225w, https:\/\/zahnarztpraxis-bigge.ch\/wp-content\/uploads\/2021\/10\/IMG_8170-1152x1536.jpg 1152w, https:\/\/zahnarztpraxis-bigge.ch\/wp-content\/uploads\/2021\/10\/IMG_8170-1536x2048.jpg 1536w, https:\/\/zahnarztpraxis-bigge.ch\/wp-content\/uploads\/2021\/10\/IMG_8170-scaled.jpg 1920w\" sizes=\"auto, (max-width: 215px) 100vw, 215px\" \/><\/figure><\/div>\n\n\n\n<p><\/p>\n\n\n\n<p><strong>Diodenlaser (Wiser):<\/strong><\/p>\n\n\n\n<p>&#8211; angenehme und sanfte Desinfektion von Wurzelkan\u00e4len.<\/p>\n\n\n\n<p>&#8211;&nbsp;angenehme und sanfte&nbsp;Desinfektion bei Behandlungen an Zahnhalteapparat.<\/p>\n\n\n\n<p>&#8211; Biostimmulation und Aktivierung der Wundheilung.<\/p>\n\n\n\n<div class=\"wp-block-image\"><figure class=\"aligncenter size-large is-resized\"><img loading=\"lazy\" decoding=\"async\" src=\"http:\/\/zahnarzt-doettingen.ch\/wp-content\/uploads\/2021\/10\/IMG_8169-768x1024.jpg\" alt=\"\" class=\"wp-image-199\" width=\"247\" height=\"329\" srcset=\"https:\/\/zahnarztpraxis-bigge.ch\/wp-content\/uploads\/2021\/10\/IMG_8169-768x1024.jpg 768w, https:\/\/zahnarztpraxis-bigge.ch\/wp-content\/uploads\/2021\/10\/IMG_8169-225x300.jpg 225w, https:\/\/zahnarztpraxis-bigge.ch\/wp-content\/uploads\/2021\/10\/IMG_8169-1152x1536.jpg 1152w, https:\/\/zahnarztpraxis-bigge.ch\/wp-content\/uploads\/2021\/10\/IMG_8169-1536x2048.jpg 1536w, https:\/\/zahnarztpraxis-bigge.ch\/wp-content\/uploads\/2021\/10\/IMG_8169-scaled.jpg 1920w\" sizes=\"auto, (max-width: 247px) 100vw, 247px\" \/><\/figure><\/div>\n\n\n\n<p><\/p>\n\n\n\n<p><strong>Softlaser (Med-701):<\/strong><\/p>\n\n\n\n<p>&#8211; Biostimmulation und Aktivierung der Wundheilung.<\/p>\n\n\n\n<p>&#8211; PTD: Desinfektion von Zahnfleischtaschen mit Farbstoffen (als Alternative zu Medikamenten \/ Antibiotika).<\/p>\n\n\n\n<p>&#8211; Laser- Akupunktur<\/p>\n\n\n\n<p><\/p>\n\n\n\n<p><strong>Diagnodent- Pen:<\/strong><\/p>\n\n\n\n<p>&#8211; Erkennung und \u00dcberwachung von beginnender Karies mit&nbsp;Kontrolle, ob eine F\u00fcllung wirklich n\u00f6tig ist.<\/p>\n\n\n\n<p><\/p>\n\n\n\n<p><strong>Vita EasyShade V:<\/strong><\/p>\n\n\n\n<p>&#8211; Bestimmung und Kontrolle der Zahnfarbe<\/p>\n\n\n\n<p><\/p>\n\n\n\n<p>Wir freuen uns, mit Ihnen zusammen den Schritt in die Zukunft&nbsp;zu&nbsp;gehen und Ihnen modernste Zahnmedizin offerieren zu d\u00fcrfen.<\/p>\n","protected":false},"excerpt":{"rendered":"<p>Seit 2017 k\u00f6nnen wir Ihnen auch Laser zur zahnmedizinischen Behandlung anbieten. Laser k\u00f6nnen als zus\u00e4tzliches Hilfsmittel oder als Alternative zu herk\u00f6mmlichen Therapien eingesetzt werden. Unsere Laser und das Einsatzgebiet (nur einige Schwerpunkte): Er-Yag Laser \u201eLiteTouch\u201c: &#8211; Kontaktlose und angenehme M\u00f6glichkeit F\u00fcllungen ohne klassisches \u201eBohren mit Vibration und bekannter &nbsp; &nbsp;&nbsp; &nbsp; Ger\u00e4uschkulisse&#187; in metallfreien Bereichen [&hellip;]<\/p>\n","protected":false},"author":1,"featured_media":0,"parent":103,"menu_order":0,"comment_status":"closed","ping_status":"closed","template":"","meta":{"footnotes":""},"class_list":["post-135","page","type-page","status-publish","hentry"],"_links":{"self":[{"href":"https:\/\/zahnarztpraxis-bigge.ch\/index.php?rest_route=\/wp\/v2\/pages\/135","targetHints":{"allow":["GET"]}}],"collection":[{"href":"https:\/\/zahnarztpraxis-bigge.ch\/index.php?rest_route=\/wp\/v2\/pages"}],"about":[{"href":"https:\/\/zahnarztpraxis-bigge.ch\/index.php?rest_route=\/wp\/v2\/types\/page"}],"author":[{"embeddable":true,"href":"https:\/\/zahnarztpraxis-bigge.ch\/index.php?rest_route=\/wp\/v2\/users\/1"}],"replies":[{"embeddable":true,"href":"https:\/\/zahnarztpraxis-bigge.ch\/index.php?rest_route=%2Fwp%2Fv2%2Fcomments&post=135"}],"version-history":[{"count":2,"href":"https:\/\/zahnarztpraxis-bigge.ch\/index.php?rest_route=\/wp\/v2\/pages\/135\/revisions"}],"predecessor-version":[{"id":200,"href":"https:\/\/zahnarztpraxis-bigge.ch\/index.php?rest_route=\/wp\/v2\/pages\/135\/revisions\/200"}],"up":[{"embeddable":true,"href":"https:\/\/zahnarztpraxis-bigge.ch\/index.php?rest_route=\/wp\/v2\/pages\/103"}],"wp:attachment":[{"href":"https:\/\/zahnarztpraxis-bigge.ch\/index.php?rest_route=%2Fwp%2Fv2%2Fmedia&parent=135"}],"curies":[{"name":"wp","href":"https:\/\/api.w.org\/{rel}","templated":true}]}}