{"id":261,"date":"2024-09-12T08:44:32","date_gmt":"2024-09-12T06:44:32","guid":{"rendered":"https:\/\/zahnarztpraxis-bigge.ch\/?page_id=261"},"modified":"2024-10-02T13:13:26","modified_gmt":"2024-10-02T11:13:26","slug":"dr-cornelia-heiler","status":"publish","type":"page","link":"https:\/\/zahnarztpraxis-bigge.ch\/?page_id=261","title":{"rendered":"Dr. Cornelia Heiler"},"content":{"rendered":"\n<p style=\"font-size:26px\"><\/p>\n\n\n\n<p style=\"font-size:26px\"><\/p>\n\n\n\n<p style=\"font-size:26px\">Name:       Cornelia Heiler<\/p>\n\n\n\n<p><\/p>\n\n\n\n<p><\/p>\n\n\n\n<p style=\"font-size:23px\">Ausbildung:<\/p>\n\n\n\n<p style=\"font-size:23px\">1994 &#8211; 99    Studium der Zahnmedizin am Univerit\u00e4tsklinikum Homburg\/ Saar (D)<\/p>\n\n\n\n<p style=\"font-size:23px\">1999              Staatsexamen Zahnmedizin<\/p>\n\n\n\n<p style=\"font-size:23px\">2000             Approbation als Zahn\u00e4rztin<\/p>\n\n\n\n<p style=\"font-size:23px\">2004             CH-Anerkennung des Zahnarztdiploms<\/p>\n\n\n\n<p style=\"font-size:23px\">2007              Promotion am Universit\u00e4tsklinikum Homburg\/Saar (D)<\/p>\n\n\n\n<p><\/p>\n\n\n\n<p style=\"font-size:23px\">Berufliche T\u00e4tigkeiten<\/p>\n\n\n\n<p style=\"font-size:23px\">2000 &#8211; 2002    Vorbereitungsassistentin Allgemeinzahn\u00e4rztliche Praxis Dr. Michael                                                                                          Dippel, Saarbr\u00fccken (D)<\/p>\n\n\n\n<p style=\"font-size:23px\">2003 &#8211; 2005&nbsp; Weiterbildungsassistenin im Fachbereich Oralchirurgie, kieferchirurgische Praxis Dr. Dr. Martin Beyer, Saarbr\u00fccken (D)<\/p>\n\n\n\n<p style=\"font-size:23px\">2005 &#8211; 2006 Angestellte Zahn\u00e4rztin kieferchirurgische Praxis Dr.Dr. Michael Locher, WT<\/p>\n\n\n\n<p style=\"font-size:23px\">2006 &#8211; 2007 Unterassistentin Poliklinik f\u00fcr Oralchirurgie der Klinik f\u00fcr Mund-, Kiefer- und\u00a0Gesichtschirurgie, Universit\u00e4tsspital Z\u00fcrich, Klinikdirektor Prof. Dr. Dr. Klaus W. Gr\u00e4tz<\/p>\n\n\n\n<p style=\"font-size:23px\">2008 &#8211; 2024 Angestellte Zahn\u00e4rztin Praxis Dr. Ernesto Steiner, Wohlen AG<\/p>\n\n\n\n<p style=\"font-size:23px\"><\/p>\n\n\n\n<p style=\"font-style:normal;font-weight:400\"><\/p>\n\n\n\n<p><\/p>\n","protected":false},"excerpt":{"rendered":"<p>Name: Cornelia Heiler Ausbildung: 1994 &#8211; 99 Studium der Zahnmedizin am Univerit\u00e4tsklinikum Homburg\/ Saar (D) 1999 Staatsexamen Zahnmedizin 2000 Approbation als Zahn\u00e4rztin 2004 CH-Anerkennung des Zahnarztdiploms 2007 Promotion am Universit\u00e4tsklinikum Homburg\/Saar (D) Berufliche T\u00e4tigkeiten 2000 &#8211; 2002 Vorbereitungsassistentin Allgemeinzahn\u00e4rztliche Praxis Dr. Michael Dippel, Saarbr\u00fccken (D) 2003 &#8211; 2005&nbsp; Weiterbildungsassistenin im Fachbereich Oralchirurgie, kieferchirurgische Praxis Dr. [&hellip;]<\/p>\n","protected":false},"author":1,"featured_media":0,"parent":30,"menu_order":0,"comment_status":"closed","ping_status":"closed","template":"","meta":{"footnotes":""},"class_list":["post-261","page","type-page","status-publish","hentry"],"_links":{"self":[{"href":"https:\/\/zahnarztpraxis-bigge.ch\/index.php?rest_route=\/wp\/v2\/pages\/261","targetHints":{"allow":["GET"]}}],"collection":[{"href":"https:\/\/zahnarztpraxis-bigge.ch\/index.php?rest_route=\/wp\/v2\/pages"}],"about":[{"href":"https:\/\/zahnarztpraxis-bigge.ch\/index.php?rest_route=\/wp\/v2\/types\/page"}],"author":[{"embeddable":true,"href":"https:\/\/zahnarztpraxis-bigge.ch\/index.php?rest_route=\/wp\/v2\/users\/1"}],"replies":[{"embeddable":true,"href":"https:\/\/zahnarztpraxis-bigge.ch\/index.php?rest_route=%2Fwp%2Fv2%2Fcomments&post=261"}],"version-history":[{"count":5,"href":"https:\/\/zahnarztpraxis-bigge.ch\/index.php?rest_route=\/wp\/v2\/pages\/261\/revisions"}],"predecessor-version":[{"id":320,"href":"https:\/\/zahnarztpraxis-bigge.ch\/index.php?rest_route=\/wp\/v2\/pages\/261\/revisions\/320"}],"up":[{"embeddable":true,"href":"https:\/\/zahnarztpraxis-bigge.ch\/index.php?rest_route=\/wp\/v2\/pages\/30"}],"wp:attachment":[{"href":"https:\/\/zahnarztpraxis-bigge.ch\/index.php?rest_route=%2Fwp%2Fv2%2Fmedia&parent=261"}],"curies":[{"name":"wp","href":"https:\/\/api.w.org\/{rel}","templated":true}]}}