{"id":268,"date":"2024-09-12T08:50:12","date_gmt":"2024-09-12T06:50:12","guid":{"rendered":"https:\/\/zahnarztpraxis-bigge.ch\/?page_id=268"},"modified":"2024-09-12T08:50:12","modified_gmt":"2024-09-12T06:50:12","slug":"pd-dr-stefan-stuebinger","status":"publish","type":"page","link":"https:\/\/zahnarztpraxis-bigge.ch\/?page_id=268","title":{"rendered":"PD Dr. Stefan St\u00fcbinger"},"content":{"rendered":"\n<p style=\"font-size:23px\">Name:                Stefan St\u00fcbinger <\/p>\n\n\n\n<p style=\"font-size:23px\"><\/p>\n\n\n\n<p style=\"font-size:23px\"><\/p>\n\n\n\n<p style=\"font-size:23px\">Ausbildung:<\/p>\n\n\n\n<p style=\"font-size:23px\">1996 &#8211; 2002    Studium der Zahnmedizin, Ludwig-Maximilians-Universit\u00e4t M\u00fcnchen<\/p>\n\n\n\n<p style=\"font-size:23px\">2002                 Approbation als Zahnarzt, Ludwig-Maximilians-Universit\u00e4t M\u00fcnchen<\/p>\n\n\n\n<p style=\"font-size:23px\">2003                 Promotion zum Dr. med. dent., Technische Universit\u00e4t M\u00fcnchen<\/p>\n\n\n\n<p style=\"font-size:23px\">2006                 Abschluss der Facharztpr\u00fcfung Oralchirurgie,                             Landeszahn\u00e4rztekammer Hessen<\/p>\n\n\n\n<p style=\"font-size:23px\">2011                  Habilitation, Universit\u00e4t Z\u00fcrich mit Erlangung des Titels Privatdozent (PD)<\/p>\n\n\n\n<p style=\"font-size:23px\">T\u00e4tigkeiten:<\/p>\n\n\n\n<p style=\"font-size:23px\">2003 &#8211; 2005 Assistenzzahnarzt, Mund-, Kiefer- und Gesichtschirurgie bei Prof. Zeilhofer, Universit\u00e4t Basel<\/p>\n\n\n\n<p style=\"font-size:23px\">2006 &#8211; 2008 Funktionsoberarzt,\u00a0Mund-, Kiefer- und Gesichtschirurgie bei Prof. Sader, Goethe\u00a0Universit\u00e4t Frankfurt<\/p>\n\n\n\n<p style=\"font-size:23px\">2009 &#8211; 2014 Mitarbeiter am Competence Center for Applied Biotechnology and Molecular\u00a0Medicine (CABMM). Leiter der Cranio-Maxillofacia Surgery and Implantology\u00a0Gruppe, Universtit\u00e4t Z\u00fcrich<\/p>\n\n\n\n<p style=\"font-size:23px\">2015 &#8211; 2020 Mitarbeiter am Department of Biomedical Engineering, Projekt Miracle: Co-Leiter of\u00a0SMART IMPLANTS, Universit\u00e4t Basel<\/p>\n\n\n\n<p style=\"font-size:23px\">Seit 2016 Chirurgische T\u00e4tigkeit\u00a0in verschiedenen Zahnarztpraxen in der Schweiz und\u00a0Deutschland<\/p>\n\n\n\n<p style=\"font-size:23px\">Forschungsbereiche:<\/p>\n\n\n\n<p style=\"font-size:23px\">2004 &#8211; 2009 Mitglied Swiss National Fund NCCR CO-ME Computer Aided and Image Guided\u00a0Medical Interventions Projects, Teilprojekt Laserosteotomie<\/p>\n\n\n\n<p style=\"font-size:23px\">2004 &#8211; 2021 Mitglied am Hightech Research Center of Cranio-Maxillofacial Surgery, Universit\u00e4t\u00a0Basel<\/p>\n\n\n\n<p style=\"font-size:23px\">2006 &#8211; 2009 Mitglied der &#171;Schweizer Nicaplast-Gruppe&#187; mit j\u00e4hrlichem Einsatz in Nicaragua<\/p>\n\n\n\n<p style=\"font-size:23px\">2010 Diplom-Studiengang &#171;Psychologische Gespr\u00e4chsf\u00fchrung f\u00fcr Nicht-Psyhologen&#187;,\u00a0Universit\u00e4t Z\u00fcrich<\/p>\n\n\n\n<p style=\"font-size:23px\">Seit 2017 Gr\u00fcndung verschiedener Start-up Firmen im Medtech und in-vitro\u00a0Diagnostik Bereich<\/p>\n\n\n\n<p style=\"font-size:23px\">Seit 2017 Klinischer Spezialist, Schweizerische Vereinigung f\u00fcr Qualit\u00e4ts- und\u00a0Managementsysteme, SQS<\/p>\n\n\n\n<p style=\"font-size:23px\">Seit 2020 Co-Leiter Forschungsgruppe MIOSTE (Medical Innovation and Smart\u00a0Technologies), Universit\u00e4tsspital Basel<br><\/p>\n\n\n\n<p style=\"font-size:23px\"><\/p>\n\n\n\n<p style=\"font-size:23px\"><\/p>\n","protected":false},"excerpt":{"rendered":"<p>Name: Stefan St\u00fcbinger Ausbildung: 1996 &#8211; 2002 Studium der Zahnmedizin, Ludwig-Maximilians-Universit\u00e4t M\u00fcnchen 2002 Approbation als Zahnarzt, Ludwig-Maximilians-Universit\u00e4t M\u00fcnchen 2003 Promotion zum Dr. med. dent., Technische Universit\u00e4t M\u00fcnchen 2006 Abschluss der Facharztpr\u00fcfung Oralchirurgie, Landeszahn\u00e4rztekammer Hessen 2011 Habilitation, Universit\u00e4t Z\u00fcrich mit Erlangung des Titels Privatdozent (PD) T\u00e4tigkeiten: 2003 &#8211; 2005 Assistenzzahnarzt, Mund-, Kiefer- und Gesichtschirurgie bei Prof. [&hellip;]<\/p>\n","protected":false},"author":1,"featured_media":0,"parent":0,"menu_order":0,"comment_status":"closed","ping_status":"closed","template":"","meta":{"footnotes":""},"class_list":["post-268","page","type-page","status-publish","hentry"],"_links":{"self":[{"href":"https:\/\/zahnarztpraxis-bigge.ch\/index.php?rest_route=\/wp\/v2\/pages\/268","targetHints":{"allow":["GET"]}}],"collection":[{"href":"https:\/\/zahnarztpraxis-bigge.ch\/index.php?rest_route=\/wp\/v2\/pages"}],"about":[{"href":"https:\/\/zahnarztpraxis-bigge.ch\/index.php?rest_route=\/wp\/v2\/types\/page"}],"author":[{"embeddable":true,"href":"https:\/\/zahnarztpraxis-bigge.ch\/index.php?rest_route=\/wp\/v2\/users\/1"}],"replies":[{"embeddable":true,"href":"https:\/\/zahnarztpraxis-bigge.ch\/index.php?rest_route=%2Fwp%2Fv2%2Fcomments&post=268"}],"version-history":[{"count":1,"href":"https:\/\/zahnarztpraxis-bigge.ch\/index.php?rest_route=\/wp\/v2\/pages\/268\/revisions"}],"predecessor-version":[{"id":270,"href":"https:\/\/zahnarztpraxis-bigge.ch\/index.php?rest_route=\/wp\/v2\/pages\/268\/revisions\/270"}],"wp:attachment":[{"href":"https:\/\/zahnarztpraxis-bigge.ch\/index.php?rest_route=%2Fwp%2Fv2%2Fmedia&parent=268"}],"curies":[{"name":"wp","href":"https:\/\/api.w.org\/{rel}","templated":true}]}}