{"id":30,"date":"2021-09-12T14:34:56","date_gmt":"2021-09-12T12:34:56","guid":{"rendered":"http:\/\/zahnarzt-doettingen.ch\/?page_id=30"},"modified":"2026-04-03T16:06:20","modified_gmt":"2026-04-03T14:06:20","slug":"team-2","status":"publish","type":"page","link":"https:\/\/zahnarztpraxis-bigge.ch\/?page_id=30","title":{"rendered":"Team"},"content":{"rendered":"\n<p class=\"has-text-align-left\">Ich freue mich, Ihnen unser freundliches und kompetentes Praxisteam vorstellen zu d\u00fcrfen.&nbsp;<\/p>\n\n\n\n<p class=\"has-text-align-left\"><strong>Gerne m\u00f6chte ich Ihnen die praktizierenden Zahn\u00e4rzte vorstellen:<\/strong><\/p>\n\n\n\n<p class=\"has-text-align-left\"><a href=\"http:\/\/www.zahnarztpraxis-bigge.ch\/?page_id=48\">Dr. Oliver Bigge, Praxisinhaber und Zahnarzt f\u00fcr allgemeine Zahnmedizin<\/a><\/p>\n\n\n\n<p><a href=\"https:\/\/zahnarztpraxis-bigge.ch\/?page_id=261\" data-type=\"page\" data-id=\"261\">Dr. Cornelia Heiler, Zahn\u00e4rztin f\u00fcr allgemeine Zahnmedizin<\/a><\/p>\n\n\n\n<p class=\"has-text-align-left\"><a href=\"http:\/\/www.zahnarztpraxis-bigge.ch\/?page_id=64\">Dr. Elisabeth Leber, Fachzahn\u00e4rztin f\u00fcr Kieferorthop\u00e4die<\/a><\/p>\n\n\n\n<p><a href=\"https:\/\/zahnarztpraxis-bigge.ch\/?page_id=268\" data-type=\"page\" data-id=\"268\">PD Dr. Stefan St\u00fcbinger, Fachzahnarzt f\u00fcr Oralchirurgie<\/a><\/p>\n\n\n\n<p><\/p>\n\n\n\n<p><\/p>\n\n\n\n<p class=\"has-text-align-left\"><strong>Im Bereich der Prophylaxe, Praxisadministration und Assistent in der Behandlung darf ich Ihnen vorstellen:<\/strong><\/p>\n\n\n<div class=\"wp-block-image\">\n<figure class=\"alignleft size-large is-resized\"><img loading=\"lazy\" decoding=\"async\" width=\"882\" height=\"1326\" src=\"http:\/\/zahnarzt-doettingen.ch\/wp-content\/uploads\/2021\/09\/IMG_7030-edited.jpeg\" alt=\"\" class=\"wp-image-165\" style=\"aspect-ratio:0.6666666666666666;width:239px;height:auto\" srcset=\"https:\/\/zahnarztpraxis-bigge.ch\/wp-content\/uploads\/2021\/09\/IMG_7030-edited.jpeg 882w, https:\/\/zahnarztpraxis-bigge.ch\/wp-content\/uploads\/2021\/09\/IMG_7030-edited-200x300.jpeg 200w, https:\/\/zahnarztpraxis-bigge.ch\/wp-content\/uploads\/2021\/09\/IMG_7030-edited-681x1024.jpeg 681w, https:\/\/zahnarztpraxis-bigge.ch\/wp-content\/uploads\/2021\/09\/IMG_7030-edited-768x1155.jpeg 768w\" sizes=\"auto, (max-width: 882px) 100vw, 882px\" \/><figcaption class=\"wp-element-caption\">Amela Bajramovic, Dentalsekret\u00e4rinn<\/figcaption><\/figure>\n<\/div>\n\n<div class=\"wp-block-image\">\n<figure class=\"alignright size-large is-resized\"><img loading=\"lazy\" decoding=\"async\" width=\"683\" height=\"1024\" src=\"https:\/\/zahnarztpraxis-bigge.ch\/wp-content\/uploads\/2024\/07\/IMG_9459-683x1024.jpg\" alt=\"\" class=\"wp-image-245\" style=\"width:239px;height:auto\" srcset=\"https:\/\/zahnarztpraxis-bigge.ch\/wp-content\/uploads\/2024\/07\/IMG_9459-683x1024.jpg 683w, https:\/\/zahnarztpraxis-bigge.ch\/wp-content\/uploads\/2024\/07\/IMG_9459-200x300.jpg 200w, https:\/\/zahnarztpraxis-bigge.ch\/wp-content\/uploads\/2024\/07\/IMG_9459-768x1152.jpg 768w, https:\/\/zahnarztpraxis-bigge.ch\/wp-content\/uploads\/2024\/07\/IMG_9459-1024x1536.jpg 1024w, https:\/\/zahnarztpraxis-bigge.ch\/wp-content\/uploads\/2024\/07\/IMG_9459-1365x2048.jpg 1365w, https:\/\/zahnarztpraxis-bigge.ch\/wp-content\/uploads\/2024\/07\/IMG_9459-scaled.jpg 1707w\" sizes=\"auto, (max-width: 683px) 100vw, 683px\" \/><figcaption class=\"wp-element-caption\">Samara Gon\u00e7alves, Lehrtochter<\/figcaption><\/figure>\n<\/div>\n\n\n<p><\/p>\n\n\n<div class=\"wp-block-image\">\n<figure class=\"alignleft size-large is-resized\"><img loading=\"lazy\" decoding=\"async\" width=\"683\" height=\"1024\" src=\"https:\/\/zahnarztpraxis-bigge.ch\/wp-content\/uploads\/2024\/09\/IMG_9457-2-683x1024.jpg\" alt=\"\" class=\"wp-image-304\" style=\"width:229px;height:auto\" srcset=\"https:\/\/zahnarztpraxis-bigge.ch\/wp-content\/uploads\/2024\/09\/IMG_9457-2-683x1024.jpg 683w, https:\/\/zahnarztpraxis-bigge.ch\/wp-content\/uploads\/2024\/09\/IMG_9457-2-200x300.jpg 200w, https:\/\/zahnarztpraxis-bigge.ch\/wp-content\/uploads\/2024\/09\/IMG_9457-2-768x1152.jpg 768w, https:\/\/zahnarztpraxis-bigge.ch\/wp-content\/uploads\/2024\/09\/IMG_9457-2-1024x1536.jpg 1024w, https:\/\/zahnarztpraxis-bigge.ch\/wp-content\/uploads\/2024\/09\/IMG_9457-2-1365x2048.jpg 1365w, https:\/\/zahnarztpraxis-bigge.ch\/wp-content\/uploads\/2024\/09\/IMG_9457-2-scaled.jpg 1707w\" sizes=\"auto, (max-width: 683px) 100vw, 683px\" \/><figcaption class=\"wp-element-caption\">Nushe Dodaj, Dentalassistentin<\/figcaption><\/figure>\n<\/div>\n\n\n<p>DH Gurbet G\u00f6ndogdu<\/p>\n\n\n\n<p><\/p>\n","protected":false},"excerpt":{"rendered":"<p>Ich freue mich, Ihnen unser freundliches und kompetentes Praxisteam vorstellen zu d\u00fcrfen.&nbsp; Gerne m\u00f6chte ich Ihnen die praktizierenden Zahn\u00e4rzte vorstellen: Dr. Oliver Bigge, Praxisinhaber und Zahnarzt f\u00fcr allgemeine Zahnmedizin Dr. Cornelia Heiler, Zahn\u00e4rztin f\u00fcr allgemeine Zahnmedizin Dr. Elisabeth Leber, Fachzahn\u00e4rztin f\u00fcr Kieferorthop\u00e4die PD Dr. Stefan St\u00fcbinger, Fachzahnarzt f\u00fcr Oralchirurgie Im Bereich der Prophylaxe, Praxisadministration und [&hellip;]<\/p>\n","protected":false},"author":1,"featured_media":27,"parent":0,"menu_order":0,"comment_status":"closed","ping_status":"closed","template":"","meta":{"footnotes":"[]"},"class_list":["post-30","page","type-page","status-publish","has-post-thumbnail","hentry"],"_links":{"self":[{"href":"https:\/\/zahnarztpraxis-bigge.ch\/index.php?rest_route=\/wp\/v2\/pages\/30","targetHints":{"allow":["GET"]}}],"collection":[{"href":"https:\/\/zahnarztpraxis-bigge.ch\/index.php?rest_route=\/wp\/v2\/pages"}],"about":[{"href":"https:\/\/zahnarztpraxis-bigge.ch\/index.php?rest_route=\/wp\/v2\/types\/page"}],"author":[{"embeddable":true,"href":"https:\/\/zahnarztpraxis-bigge.ch\/index.php?rest_route=\/wp\/v2\/users\/1"}],"replies":[{"embeddable":true,"href":"https:\/\/zahnarztpraxis-bigge.ch\/index.php?rest_route=%2Fwp%2Fv2%2Fcomments&post=30"}],"version-history":[{"count":44,"href":"https:\/\/zahnarztpraxis-bigge.ch\/index.php?rest_route=\/wp\/v2\/pages\/30\/revisions"}],"predecessor-version":[{"id":323,"href":"https:\/\/zahnarztpraxis-bigge.ch\/index.php?rest_route=\/wp\/v2\/pages\/30\/revisions\/323"}],"wp:featuredmedia":[{"embeddable":true,"href":"https:\/\/zahnarztpraxis-bigge.ch\/index.php?rest_route=\/wp\/v2\/media\/27"}],"wp:attachment":[{"href":"https:\/\/zahnarztpraxis-bigge.ch\/index.php?rest_route=%2Fwp%2Fv2%2Fmedia&parent=30"}],"curies":[{"name":"wp","href":"https:\/\/api.w.org\/{rel}","templated":true}]}}