{"id":48,"date":"2021-09-12T19:44:40","date_gmt":"2021-09-12T17:44:40","guid":{"rendered":"http:\/\/zahnarzt-doettingen.ch\/?page_id=48"},"modified":"2021-09-26T19:49:20","modified_gmt":"2021-09-26T17:49:20","slug":"dr-bigge","status":"publish","type":"page","link":"https:\/\/zahnarztpraxis-bigge.ch\/?page_id=48","title":{"rendered":"Dr. Oliver Bigge"},"content":{"rendered":"\n<p>Unser Credo:<\/p>\n\n\n\n<p>Ihr Wohlbefinden und Vertrauen &nbsp;ist das Ziel unserer t\u00e4glichen Arbeit. Durch Qualit\u00e4t in der Behandlung und Einf\u00fchlungsverm\u00f6gen k\u00f6nnen wir dieses Ziel zusammen erreichen.<\/p>\n\n\n\n<div class=\"wp-block-image\"><figure class=\"alignright size-large is-resized\"><img loading=\"lazy\" decoding=\"async\" src=\"http:\/\/zahnarzt-doettingen.ch\/wp-content\/uploads\/2021\/09\/bigge-1-1024x864.png\" alt=\"\" class=\"wp-image-174\" width=\"283\" height=\"238\" srcset=\"https:\/\/zahnarztpraxis-bigge.ch\/wp-content\/uploads\/2021\/09\/bigge-1-1024x864.png 1024w, https:\/\/zahnarztpraxis-bigge.ch\/wp-content\/uploads\/2021\/09\/bigge-1-300x253.png 300w, https:\/\/zahnarztpraxis-bigge.ch\/wp-content\/uploads\/2021\/09\/bigge-1-768x648.png 768w, https:\/\/zahnarztpraxis-bigge.ch\/wp-content\/uploads\/2021\/09\/bigge-1.png 1109w\" sizes=\"auto, (max-width: 283px) 100vw, 283px\" \/><\/figure><\/div>\n\n\n\n<p>Wir freuen uns auf Ihren Besuch!\u00a0<\/p>\n\n\n\n<p><\/p>\n\n\n\n<p><strong>Curiculum Vitae:<\/strong><\/p>\n\n\n\n<p>Name: &nbsp; &nbsp; &nbsp; &nbsp; &nbsp; &nbsp; &nbsp; &nbsp; &nbsp; &nbsp; &nbsp; Oliver Bigge<\/p>\n\n\n\n<p>Pers\u00f6nliche Daten: &nbsp; &nbsp;geboren am 23.7.1971<\/p>\n\n\n\n<p>Studium:<\/p>\n\n\n\n<p>1992-1997 &nbsp; &nbsp; &nbsp; &nbsp; &nbsp; &nbsp; &nbsp;Albert- Einstein- Universit\u00e4t Ulm<\/p>\n\n\n\n<p>Nov. 1997 &nbsp; &nbsp; &nbsp; &nbsp; &nbsp; &nbsp; &nbsp; Approbation als Zahnarzt<\/p>\n\n\n\n<p>April 2014 \u00a0 \u00a0 \u00a0 \u00a0 \u00a0 \u00a0 \u00a0 Promotion (Die Hypnose als Therapieform im Spiegel der M\u00fcnchner Medizinischen Wochenschrift     <\/p>\n\n\n\n<p>                               der Jahre 1900-1950)\u00a0 \u00a0 \u00a0 \u00a0 \u00a0 \u00a0 \u00a0 \u00a0 \u00a0 \u00a0 \u00a0 \u00a0 \u00a0 \u00a0     <\/p>\n\n\n\n<p>                           <\/p>\n\n\n\n<p><strong>Fortbildungen:<\/strong><\/p>\n\n\n\n<p>03.01- 05.02 &nbsp; &nbsp; &nbsp; &nbsp; &nbsp;  Zertifikat \u201eZahn\u00e4rztliche Hypnose und Kommunikation\u201c<\/p>\n\n\n\n<p>05.02- 12.04 &nbsp; &nbsp; &nbsp; &nbsp; &nbsp; &nbsp;Zertifikat \u201eA- Diplom in Akupunktur f\u00fcr Zahnmediziner\u201c<\/p>\n\n\n\n<p>11.03- 10.07 &nbsp; &nbsp; &nbsp; &nbsp; &nbsp; &nbsp;Master- Zertifikat \u201eZahn\u00e4rztliche Hypnose und&nbsp;Kommunikation\u201c<\/p>\n\n\n\n<p>03.06- 11.07 &nbsp; &nbsp; &nbsp; &nbsp; &nbsp; &nbsp;Zertifikat \u201e\u00c4sthetische Zahnheilkunde\u201c&nbsp;<\/p>\n\n\n\n<p>&nbsp; &nbsp; &nbsp; &nbsp; &nbsp; &nbsp; &nbsp; &nbsp; &nbsp; &nbsp; &nbsp; &nbsp; &nbsp; &nbsp; &nbsp; &nbsp; als T\u00e4tigkeitsschwerpunkt anerkannt durch APW, DGZMK&nbsp;und DG\u00c4Z<\/p>\n\n\n\n<p><\/p>\n\n\n\n<p><strong>Schwerpunkte:<\/strong><\/p>\n\n\n\n<p>\u00c4sthetik &nbsp; &nbsp; &nbsp; &nbsp; &nbsp; &nbsp; &nbsp; &nbsp; &nbsp; &nbsp; &nbsp; &nbsp; &nbsp; &nbsp; &nbsp; &nbsp; &nbsp; &nbsp; &nbsp; &nbsp; &nbsp; &nbsp; &nbsp; &nbsp; &nbsp; &nbsp; &nbsp; &nbsp; &nbsp; &nbsp; &nbsp; &nbsp; &nbsp; &nbsp; &nbsp;&nbsp;<\/p>\n\n\n\n<p>Hypnose (Angst- \/ Schmerzpatienten)<\/p>\n\n\n\n<p>Akupunktur<\/p>\n\n\n\n<p>Lachgas<\/p>\n\n\n\n<p><\/p>\n\n\n\n<p><strong>Leistungsspektrum:<\/strong><\/p>\n\n\n\n<p>Wir bieten das gesamte Spektrum der Zahnmedizin an. Bei komplexen chirurgischen Eingriffen arbeiten wir eng mit ausgew\u00e4hlten Spezialisten unseres Vertrauens zusammen. Auf Ihren Wunsch unterst\u00fctzen wir Sie gerne mit Akupunktur und Hypnose.<\/p>\n\n\n\n<p>Mitgliedschaften:<\/p>\n\n\n\n<p>&nbsp; &nbsp;&nbsp;<a href=\"http:\/\/www.sso.ch\/\">SSO<\/a>&nbsp;&nbsp; &nbsp; &nbsp; &nbsp; &nbsp; &nbsp; &nbsp; &nbsp; (Schweizer Zahn\u00e4rztegesellschaft)<\/p>\n\n\n\n<p>&nbsp; &nbsp;&nbsp;<a href=\"http:\/\/www.dgzh.de\/\">DGZH<\/a>&nbsp;&nbsp; &nbsp; &nbsp; &nbsp; &nbsp; &nbsp; &nbsp; (Deutsche Gesellschaft f\u00fcr zahn\u00e4rztliche&nbsp;Hypnose)<\/p>\n\n\n\n<p>&nbsp; &nbsp;&nbsp;<a href=\"http:\/\/www.smsh.ch\/\">SMSH<\/a>&nbsp;&nbsp; &nbsp; &nbsp; &nbsp; &nbsp; &nbsp; &nbsp;(Schweizer \u00c4rztegesellschaft f\u00fcr Hypnose)<\/p>\n\n\n\n<p>&nbsp; &nbsp;&nbsp;<a href=\"http:\/\/www.dgzmk.de\/\">DGZMK<\/a>&nbsp; &nbsp; &nbsp; &nbsp; &nbsp; &nbsp; (Deutsche Gesellschaft f\u00fcr Zahn-, Mund- , Kieferheilkunde)&nbsp; &nbsp; &nbsp; &nbsp; &nbsp; &nbsp; &nbsp; &nbsp; &nbsp; &nbsp; &nbsp; &nbsp; &nbsp; &nbsp; &nbsp; &nbsp; &nbsp; &nbsp; &nbsp; &nbsp; &nbsp; &nbsp; &nbsp; &nbsp; &nbsp; &nbsp; &nbsp; &nbsp; &nbsp; &nbsp; &nbsp; &nbsp; &nbsp; &nbsp; &nbsp; &nbsp; &nbsp; &nbsp; &nbsp; &nbsp; &nbsp; &nbsp; &nbsp; &nbsp; &nbsp; &nbsp; &nbsp; &nbsp; &nbsp; &nbsp; &nbsp; &nbsp;<\/p>\n\n\n\n<p>&nbsp; &nbsp;&nbsp;<a href=\"http:\/\/www.apw-online.com\/\">APW<\/a>&nbsp;&nbsp; &nbsp; &nbsp; &nbsp; &nbsp; &nbsp; &nbsp; &nbsp; (Akademie Praxis und Wissenschaft)<\/p>\n\n\n\n<p><\/p>\n","protected":false},"excerpt":{"rendered":"<p>Unser Credo: Ihr Wohlbefinden und Vertrauen &nbsp;ist das Ziel unserer t\u00e4glichen Arbeit. Durch Qualit\u00e4t in der Behandlung und Einf\u00fchlungsverm\u00f6gen k\u00f6nnen wir dieses Ziel zusammen erreichen. Wir freuen uns auf Ihren Besuch!\u00a0 Curiculum Vitae: Name: &nbsp; &nbsp; &nbsp; &nbsp; &nbsp; &nbsp; &nbsp; &nbsp; &nbsp; &nbsp; &nbsp; Oliver Bigge Pers\u00f6nliche Daten: &nbsp; &nbsp;geboren am 23.7.1971 Studium: 1992-1997 [&hellip;]<\/p>\n","protected":false},"author":1,"featured_media":27,"parent":30,"menu_order":1,"comment_status":"closed","ping_status":"closed","template":"","meta":{"footnotes":""},"class_list":["post-48","page","type-page","status-publish","has-post-thumbnail","hentry"],"_links":{"self":[{"href":"https:\/\/zahnarztpraxis-bigge.ch\/index.php?rest_route=\/wp\/v2\/pages\/48","targetHints":{"allow":["GET"]}}],"collection":[{"href":"https:\/\/zahnarztpraxis-bigge.ch\/index.php?rest_route=\/wp\/v2\/pages"}],"about":[{"href":"https:\/\/zahnarztpraxis-bigge.ch\/index.php?rest_route=\/wp\/v2\/types\/page"}],"author":[{"embeddable":true,"href":"https:\/\/zahnarztpraxis-bigge.ch\/index.php?rest_route=\/wp\/v2\/users\/1"}],"replies":[{"embeddable":true,"href":"https:\/\/zahnarztpraxis-bigge.ch\/index.php?rest_route=%2Fwp%2Fv2%2Fcomments&post=48"}],"version-history":[{"count":14,"href":"https:\/\/zahnarztpraxis-bigge.ch\/index.php?rest_route=\/wp\/v2\/pages\/48\/revisions"}],"predecessor-version":[{"id":175,"href":"https:\/\/zahnarztpraxis-bigge.ch\/index.php?rest_route=\/wp\/v2\/pages\/48\/revisions\/175"}],"up":[{"embeddable":true,"href":"https:\/\/zahnarztpraxis-bigge.ch\/index.php?rest_route=\/wp\/v2\/pages\/30"}],"wp:featuredmedia":[{"embeddable":true,"href":"https:\/\/zahnarztpraxis-bigge.ch\/index.php?rest_route=\/wp\/v2\/media\/27"}],"wp:attachment":[{"href":"https:\/\/zahnarztpraxis-bigge.ch\/index.php?rest_route=%2Fwp%2Fv2%2Fmedia&parent=48"}],"curies":[{"name":"wp","href":"https:\/\/api.w.org\/{rel}","templated":true}]}}