{"id":64,"date":"2021-09-12T20:08:08","date_gmt":"2021-09-12T18:08:08","guid":{"rendered":"http:\/\/zahnarzt-doettingen.ch\/?page_id=64"},"modified":"2021-12-24T06:56:21","modified_gmt":"2021-12-24T05:56:21","slug":"dr-leber","status":"publish","type":"page","link":"https:\/\/zahnarztpraxis-bigge.ch\/?page_id=64","title":{"rendered":"Dr. Elisabeth Leber"},"content":{"rendered":"\n<div class=\"wp-block-image\"><figure class=\"alignright size-large is-resized\"><img loading=\"lazy\" decoding=\"async\" src=\"http:\/\/zahnarzt-doettingen.ch\/wp-content\/uploads\/2021\/10\/elisabeth-682x1024.jpg\" alt=\"\" class=\"wp-image-193\" width=\"193\" height=\"291\" srcset=\"https:\/\/zahnarztpraxis-bigge.ch\/wp-content\/uploads\/2021\/10\/elisabeth-682x1024.jpg 682w, https:\/\/zahnarztpraxis-bigge.ch\/wp-content\/uploads\/2021\/10\/elisabeth-200x300.jpg 200w, https:\/\/zahnarztpraxis-bigge.ch\/wp-content\/uploads\/2021\/10\/elisabeth-768x1154.jpg 768w, https:\/\/zahnarztpraxis-bigge.ch\/wp-content\/uploads\/2021\/10\/elisabeth-1022x1536.jpg 1022w, https:\/\/zahnarztpraxis-bigge.ch\/wp-content\/uploads\/2021\/10\/elisabeth-1363x2048.jpg 1363w, https:\/\/zahnarztpraxis-bigge.ch\/wp-content\/uploads\/2021\/10\/elisabeth-scaled.jpg 1704w\" sizes=\"auto, (max-width: 193px) 100vw, 193px\" \/><\/figure><\/div>\n\n\n\n<p style=\"font-size:28px\"><strong>Fachzahnarzt f\u00fcr Kieferorthop\u00e4die<\/strong><\/p>\n\n\n\n<p>Curiculum Vitae:<\/p>\n\n\n\n<p>Name: &nbsp; &nbsp; &nbsp; &nbsp; &nbsp; &nbsp; &nbsp; &nbsp; &nbsp; &nbsp; &nbsp;&nbsp;Elisabeth Leber &nbsp; &nbsp; &nbsp; &nbsp; &nbsp; &nbsp; &nbsp; &nbsp; &nbsp; &nbsp;&nbsp;<\/p>\n\n\n\n<p> <\/p>\n\n\n\n<p>Studium:<\/p>\n\n\n\n<p>1982-87 &nbsp; &nbsp; &nbsp; &nbsp; &nbsp; &nbsp; &nbsp; &nbsp; &nbsp; &nbsp; &nbsp; Studium Zahnmedizin an der Univ. Freiburg i. Brsg.<\/p>\n\n\n\n<p>15.12.1987 &nbsp; &nbsp; &nbsp; &nbsp; &nbsp; &nbsp; &nbsp; &nbsp; &nbsp; &nbsp;Abschluss der zahn\u00e4rztlichen Pr\u00fcfung an der Univ. Freiburg<\/p>\n\n\n\n<p>1988-1990 &nbsp; &nbsp; &nbsp; &nbsp; &nbsp; &nbsp; &nbsp; &nbsp; &nbsp; T\u00e4tigkeit als Assistenzzahn\u00e4rztin in der allgemeinzahn\u00e4rztlichen Praxis<\/p>\n\n\n\n<p>09.05.1989 &nbsp; &nbsp; &nbsp; &nbsp; &nbsp; &nbsp; &nbsp; &nbsp; &nbsp; Promotion<\/p>\n\n\n\n<p>09.1990 \u2013 10.1993&nbsp;&nbsp;&nbsp;&nbsp;&nbsp;&nbsp;&nbsp; Fachausbildung zur Zahn\u00e4rztin f\u00fcr Kieferorthop\u00e4die an der Univ. T\u00fcbingen<\/p>\n\n\n\n<p>28.09.1993 &nbsp; &nbsp; &nbsp; &nbsp; &nbsp; &nbsp; &nbsp; &nbsp; &nbsp; Abschluss der Facharztpr\u00fcfung f\u00fcr Kieferorthop\u00e4die auf der<\/p>\n\n\n\n<p>&nbsp; &nbsp; &nbsp; &nbsp; &nbsp; &nbsp; &nbsp; &nbsp; &nbsp; &nbsp; &nbsp; &nbsp; &nbsp; &nbsp; &nbsp; &nbsp; &nbsp; &nbsp; Landeszahn\u00e4rztekammer Stuttgart&nbsp;<\/p>\n\n\n\n<p>11.1993 \u2013 05.1994 &nbsp; &nbsp; &nbsp; &nbsp;Praxisvertretungen und -T\u00e4tigkeiten in kieferorthop\u00e4dischen Praxen<\/p>\n\n\n\n<p>11.2005 \u2013 12.2017 &nbsp; &nbsp; &nbsp; &nbsp;T\u00e4tigkeit in der Praxis Dr. Pape und Kollegen in Neuenburg<\/p>\n\n\n\n<p>Seit Juni 2011 &nbsp; &nbsp; &nbsp; &nbsp; &nbsp; &nbsp; T\u00e4tigkeit in den Praxen von Dr. Jacques Schultheiss in Muttenz und Liestal<\/p>\n\n\n\n<p>Seit Juni 2012 &nbsp; &nbsp; &nbsp; &nbsp; &nbsp; &nbsp; T\u00e4tigkeit in der Praxis Dr. Beat H\u00e4cki in Wetzikon<\/p>\n\n\n\n<p>Leistungsspektrum:<\/p>\n\n\n\n<p>Durch Frau Dr. Leber k\u00f6nnen wir Ihnen das gesammte Spektrum der Kieferorthop\u00e4die f\u00fcr Kinder und Erwachsene bei uns in der Praxis offerieren. Gerne&nbsp;bieten wir Ihnen je nach Bedarf und individuellem Nutzen herausnehmbare Zahnspangen, festsitzende Multiband-Therapie, funktionskieferortho-p\u00e4dische Ger\u00e4te (zur F\u00f6rderung oder Hemmung von Wachstum) oder&nbsp;Aligner (fast unsichtbare Schienen) zur Optimierung der Zahnstellung an.<\/p>\n","protected":false},"excerpt":{"rendered":"<p>Fachzahnarzt f\u00fcr Kieferorthop\u00e4die Curiculum Vitae: Name: &nbsp; &nbsp; &nbsp; &nbsp; &nbsp; &nbsp; &nbsp; &nbsp; &nbsp; &nbsp; &nbsp;&nbsp;Elisabeth Leber &nbsp; &nbsp; &nbsp; &nbsp; &nbsp; &nbsp; &nbsp; &nbsp; &nbsp; &nbsp;&nbsp; Studium: 1982-87 &nbsp; &nbsp; &nbsp; &nbsp; &nbsp; &nbsp; &nbsp; &nbsp; &nbsp; &nbsp; &nbsp; Studium Zahnmedizin an der Univ. Freiburg i. Brsg. 15.12.1987 &nbsp; &nbsp; &nbsp; &nbsp; &nbsp; [&hellip;]<\/p>\n","protected":false},"author":1,"featured_media":27,"parent":30,"menu_order":2,"comment_status":"closed","ping_status":"closed","template":"","meta":{"footnotes":""},"class_list":["post-64","page","type-page","status-publish","has-post-thumbnail","hentry"],"_links":{"self":[{"href":"https:\/\/zahnarztpraxis-bigge.ch\/index.php?rest_route=\/wp\/v2\/pages\/64","targetHints":{"allow":["GET"]}}],"collection":[{"href":"https:\/\/zahnarztpraxis-bigge.ch\/index.php?rest_route=\/wp\/v2\/pages"}],"about":[{"href":"https:\/\/zahnarztpraxis-bigge.ch\/index.php?rest_route=\/wp\/v2\/types\/page"}],"author":[{"embeddable":true,"href":"https:\/\/zahnarztpraxis-bigge.ch\/index.php?rest_route=\/wp\/v2\/users\/1"}],"replies":[{"embeddable":true,"href":"https:\/\/zahnarztpraxis-bigge.ch\/index.php?rest_route=%2Fwp%2Fv2%2Fcomments&post=64"}],"version-history":[{"count":4,"href":"https:\/\/zahnarztpraxis-bigge.ch\/index.php?rest_route=\/wp\/v2\/pages\/64\/revisions"}],"predecessor-version":[{"id":204,"href":"https:\/\/zahnarztpraxis-bigge.ch\/index.php?rest_route=\/wp\/v2\/pages\/64\/revisions\/204"}],"up":[{"embeddable":true,"href":"https:\/\/zahnarztpraxis-bigge.ch\/index.php?rest_route=\/wp\/v2\/pages\/30"}],"wp:featuredmedia":[{"embeddable":true,"href":"https:\/\/zahnarztpraxis-bigge.ch\/index.php?rest_route=\/wp\/v2\/media\/27"}],"wp:attachment":[{"href":"https:\/\/zahnarztpraxis-bigge.ch\/index.php?rest_route=%2Fwp%2Fv2%2Fmedia&parent=64"}],"curies":[{"name":"wp","href":"https:\/\/api.w.org\/{rel}","templated":true}]}}